{"id":1861,"date":"2018-07-24T19:19:16","date_gmt":"2018-07-24T17:19:16","guid":{"rendered":"http:\/\/www.knechtrupprecht.de\/?page_id=1861"},"modified":"2020-06-29T20:44:14","modified_gmt":"2020-06-29T18:44:14","slug":"website-under-construction","status":"publish","type":"page","link":"https:\/\/www.knechtrupprecht.de\/?page_id=1861","title":{"rendered":"&#8211; Bogensport"},"content":{"rendered":"<p>Unser Schwerpunkt liegt auf der individuellen Beratung f\u00fcr jeden einzelnen Bogenkunden aus dem traditionellen Bogensport. Dar\u00fcber hinaus vermieten wir B\u00f6gen und Zubeh\u00f6r und veranstalten Kurse mit ausgebildeten Trainern.<\/p>\n<p>Bogenberatung ist uns sehr wichtig, um zusammen mit Euch den richtigen Bogen oder zum Bogen die richtigen Pfeile bzw. das passende Zubeh\u00f6r zu finden. Eine gute Beratung erfordert daher Zeit und nat\u00fcrlich auch entsprechende Erfahrung. Hier haben wir zur Zeit nur unseren Chef, der dies nach Absprache gerne mit Euch macht. Daher m\u00f6chten wir Euch bitten<strong> immer vorher anzurufen<\/strong> und einen Termin zu vereinbaren, da unser Chef leider nicht immer im Laden anwesend sein kann.<\/p>\n<p>Aufgrund der Corona-bedingten Einschr\u00e4nkungen f\u00fcr Veranstaltungen m\u00fcssen wir Euch leider mitteilen, dass wir in <strong>2020 keine Bogenkurse<\/strong> durchf\u00fchren k\u00f6nnen, da uns das Gel\u00e4nde des Wertheimer Sch\u00fctzenvereins hierf\u00fcr dieses Jahr nicht zur Verf\u00fcgung steht. Wir bitten um Euer Verst\u00e4ndnis!<\/p>\n","protected":false},"excerpt":{"rendered":"<p>Unser Schwerpunkt liegt auf der individuellen Beratung f\u00fcr jeden einzelnen Bogenkunden aus dem traditionellen Bogensport. Dar\u00fcber hinaus vermieten wir B\u00f6gen und Zubeh\u00f6r und veranstalten Kurse mit ausgebildeten Trainern. Bogenberatung ist uns sehr wichtig, um zusammen mit Euch den richtigen Bogen oder zum Bogen die richtigen Pfeile bzw. das passende Zubeh\u00f6r zu finden. Eine gute Beratung [&hellip;]<\/p>\n","protected":false},"author":1,"featured_media":157,"parent":0,"menu_order":0,"comment_status":"closed","ping_status":"closed","template":"","meta":[],"_links":{"self":[{"href":"https:\/\/www.knechtrupprecht.de\/index.php?rest_route=\/wp\/v2\/pages\/1861"}],"collection":[{"href":"https:\/\/www.knechtrupprecht.de\/index.php?rest_route=\/wp\/v2\/pages"}],"about":[{"href":"https:\/\/www.knechtrupprecht.de\/index.php?rest_route=\/wp\/v2\/types\/page"}],"author":[{"embeddable":true,"href":"https:\/\/www.knechtrupprecht.de\/index.php?rest_route=\/wp\/v2\/users\/1"}],"replies":[{"embeddable":true,"href":"https:\/\/www.knechtrupprecht.de\/index.php?rest_route=%2Fwp%2Fv2%2Fcomments&post=1861"}],"version-history":[{"count":0,"href":"https:\/\/www.knechtrupprecht.de\/index.php?rest_route=\/wp\/v2\/pages\/1861\/revisions"}],"wp:featuredmedia":[{"embeddable":true,"href":"https:\/\/www.knechtrupprecht.de\/index.php?rest_route=\/wp\/v2\/media\/157"}],"wp:attachment":[{"href":"https:\/\/www.knechtrupprecht.de\/index.php?rest_route=%2Fwp%2Fv2%2Fmedia&parent=1861"}],"curies":[{"name":"wp","href":"https:\/\/api.w.org\/{rel}","templated":true}]}}