{"id":1917,"date":"2020-05-01T16:20:00","date_gmt":"2020-05-01T14:20:00","guid":{"rendered":"http:\/\/www.knechtrupprecht.de\/?page_id=1917"},"modified":"2020-06-29T20:40:23","modified_gmt":"2020-06-29T18:40:23","slug":"buecher","status":"publish","type":"page","link":"https:\/\/www.knechtrupprecht.de\/?page_id=1917","title":{"rendered":"&#8211; Kinderb\u00fccher"},"content":{"rendered":"<p>Bilderb\u00fccher aus Pappe, Holz oder Stoff f\u00fcr die Kleinen<\/p>\n<p>Bilderb\u00fccher f\u00fcr Kindergartenkinder<\/p>\n<p>Lese-Lern-B\u00fccher, Wissensb\u00fccher sowie Kinderb\u00fccher bis ca. 12 Jahre<\/p>\n<p>Ausgefallene Einzeltitel wie &#8222;Die kleine Elster Elsa&#8220; und &#8222;Moonlight Wolves&#8220; von Wertheimer Autoren<\/p>\n","protected":false},"excerpt":{"rendered":"<p>Bilderb\u00fccher aus Pappe, Holz oder Stoff f\u00fcr die Kleinen Bilderb\u00fccher f\u00fcr Kindergartenkinder Lese-Lern-B\u00fccher, Wissensb\u00fccher sowie Kinderb\u00fccher bis ca. 12 Jahre Ausgefallene Einzeltitel wie &#8222;Die kleine Elster Elsa&#8220; und &#8222;Moonlight Wolves&#8220; von Wertheimer Autoren<\/p>\n","protected":false},"author":1,"featured_media":2041,"parent":0,"menu_order":0,"comment_status":"closed","ping_status":"closed","template":"","meta":[],"_links":{"self":[{"href":"https:\/\/www.knechtrupprecht.de\/index.php?rest_route=\/wp\/v2\/pages\/1917"}],"collection":[{"href":"https:\/\/www.knechtrupprecht.de\/index.php?rest_route=\/wp\/v2\/pages"}],"about":[{"href":"https:\/\/www.knechtrupprecht.de\/index.php?rest_route=\/wp\/v2\/types\/page"}],"author":[{"embeddable":true,"href":"https:\/\/www.knechtrupprecht.de\/index.php?rest_route=\/wp\/v2\/users\/1"}],"replies":[{"embeddable":true,"href":"https:\/\/www.knechtrupprecht.de\/index.php?rest_route=%2Fwp%2Fv2%2Fcomments&post=1917"}],"version-history":[{"count":0,"href":"https:\/\/www.knechtrupprecht.de\/index.php?rest_route=\/wp\/v2\/pages\/1917\/revisions"}],"wp:featuredmedia":[{"embeddable":true,"href":"https:\/\/www.knechtrupprecht.de\/index.php?rest_route=\/wp\/v2\/media\/2041"}],"wp:attachment":[{"href":"https:\/\/www.knechtrupprecht.de\/index.php?rest_route=%2Fwp%2Fv2%2Fmedia&parent=1917"}],"curies":[{"name":"wp","href":"https:\/\/api.w.org\/{rel}","templated":true}]}}