{"id":2023,"date":"2020-06-27T20:13:14","date_gmt":"2020-06-27T18:13:14","guid":{"rendered":"http:\/\/www.knechtrupprecht.de\/?page_id=2023"},"modified":"2020-06-29T20:46:42","modified_gmt":"2020-06-29T18:46:42","slug":"schreibwaren-und-bueroartikel","status":"publish","type":"page","link":"https:\/\/www.knechtrupprecht.de\/?page_id=2023","title":{"rendered":"&#8211; Schreibwaren und B\u00fcroartikel"},"content":{"rendered":"<p>Unsere Schreibwarenabteilung bietet alles f\u00fcr den B\u00fcroalltag und wurde im Laufe der Jahre den Bed\u00fcrfnissen unserer Schulkinder angepasst mit allen ben\u00f6tigten Utensilien f\u00fcr ein gelungenes Schuljahr. Lernspiel, Lernhilfen und Lekt\u00fcre zum \u00dcben sorgen f\u00fcr Erfolg.<\/p>\n","protected":false},"excerpt":{"rendered":"<p>Unsere Schreibwarenabteilung bietet alles f\u00fcr den B\u00fcroalltag und wurde im Laufe der Jahre den Bed\u00fcrfnissen unserer Schulkinder angepasst mit allen ben\u00f6tigten Utensilien f\u00fcr ein gelungenes Schuljahr. Lernspiel, Lernhilfen und Lekt\u00fcre zum \u00dcben sorgen f\u00fcr Erfolg.<\/p>\n","protected":false},"author":1,"featured_media":2042,"parent":0,"menu_order":0,"comment_status":"closed","ping_status":"closed","template":"","meta":[],"_links":{"self":[{"href":"https:\/\/www.knechtrupprecht.de\/index.php?rest_route=\/wp\/v2\/pages\/2023"}],"collection":[{"href":"https:\/\/www.knechtrupprecht.de\/index.php?rest_route=\/wp\/v2\/pages"}],"about":[{"href":"https:\/\/www.knechtrupprecht.de\/index.php?rest_route=\/wp\/v2\/types\/page"}],"author":[{"embeddable":true,"href":"https:\/\/www.knechtrupprecht.de\/index.php?rest_route=\/wp\/v2\/users\/1"}],"replies":[{"embeddable":true,"href":"https:\/\/www.knechtrupprecht.de\/index.php?rest_route=%2Fwp%2Fv2%2Fcomments&post=2023"}],"version-history":[{"count":0,"href":"https:\/\/www.knechtrupprecht.de\/index.php?rest_route=\/wp\/v2\/pages\/2023\/revisions"}],"wp:featuredmedia":[{"embeddable":true,"href":"https:\/\/www.knechtrupprecht.de\/index.php?rest_route=\/wp\/v2\/media\/2042"}],"wp:attachment":[{"href":"https:\/\/www.knechtrupprecht.de\/index.php?rest_route=%2Fwp%2Fv2%2Fmedia&parent=2023"}],"curies":[{"name":"wp","href":"https:\/\/api.w.org\/{rel}","templated":true}]}}