{"id":239,"date":"2010-10-23T22:44:11","date_gmt":"2010-10-23T20:44:11","guid":{"rendered":"http:\/\/www.knechtrupprecht.de\/?page_id=239"},"modified":"2023-01-14T13:41:44","modified_gmt":"2023-01-14T11:41:44","slug":"impressum","status":"publish","type":"page","link":"https:\/\/www.knechtrupprecht.de\/?page_id=239","title":{"rendered":"Impressum"},"content":{"rendered":"<div id=\"text\">\n<p><strong>Knecht Rupprecht GmbH<\/strong><br \/>\nRathausgasse 3-5 in 97877 Wertheim<br \/>\n<strong>Telefon:<\/strong> 0 93 42 \/ 934 70 56,<br \/>\n<strong>E-Mail: <\/strong><a href=\"mailto:wertheim@knechtrupprecht.de\">wertheim@knechtrupprecht.de<\/a><br \/>\n<strong>Internet: <\/strong><a href=\"http:\/\/www.knechtrupprecht.de\/\">www.knechtrupprecht.de<\/a><\/p>\n<p><b>Sitz der Gesellschaft: Wertheim<br \/>\nRegistergericht: Mannheim, HRB 738896<\/b><br \/>\n<b>UStID: DE338315631<\/b><\/p>\n<p><strong>Gesch\u00e4ftsf\u00fchrer: Holger Rupprecht<\/strong><\/p>\n<p>Inhaltlich verantwortlich: Holger Rupprecht<\/p>\n<p>Haftungshinweis:<br \/>\nTrotz sorgf\u00e4ltiger inhaltlicher Kontrolle \u00fcbernehmen wir keine Haftung f\u00fcr die Inhalte externer Links. F\u00fcr den Inhalt der verlinkten Seiten sind ausschlie\u00dflich deren Betreiber verantwortlich.<\/p>\n<\/div>\n","protected":false},"excerpt":{"rendered":"<p>Knecht Rupprecht GmbH Rathausgasse 3-5 in 97877 Wertheim Telefon: 0 93 42 \/ 934 70 56, E-Mail: wertheim@knechtrupprecht.de Internet: www.knechtrupprecht.de Sitz der Gesellschaft: Wertheim Registergericht: Mannheim, HRB 738896 UStID: DE338315631 Gesch\u00e4ftsf\u00fchrer: Holger Rupprecht Inhaltlich verantwortlich: Holger Rupprecht Haftungshinweis: Trotz sorgf\u00e4ltiger inhaltlicher Kontrolle \u00fcbernehmen wir keine Haftung f\u00fcr die Inhalte externer Links. F\u00fcr den Inhalt der [&hellip;]<\/p>\n","protected":false},"author":1,"featured_media":0,"parent":0,"menu_order":0,"comment_status":"closed","ping_status":"open","template":"","meta":[],"_links":{"self":[{"href":"https:\/\/www.knechtrupprecht.de\/index.php?rest_route=\/wp\/v2\/pages\/239"}],"collection":[{"href":"https:\/\/www.knechtrupprecht.de\/index.php?rest_route=\/wp\/v2\/pages"}],"about":[{"href":"https:\/\/www.knechtrupprecht.de\/index.php?rest_route=\/wp\/v2\/types\/page"}],"author":[{"embeddable":true,"href":"https:\/\/www.knechtrupprecht.de\/index.php?rest_route=\/wp\/v2\/users\/1"}],"replies":[{"embeddable":true,"href":"https:\/\/www.knechtrupprecht.de\/index.php?rest_route=%2Fwp%2Fv2%2Fcomments&post=239"}],"version-history":[{"count":0,"href":"https:\/\/www.knechtrupprecht.de\/index.php?rest_route=\/wp\/v2\/pages\/239\/revisions"}],"wp:attachment":[{"href":"https:\/\/www.knechtrupprecht.de\/index.php?rest_route=%2Fwp%2Fv2%2Fmedia&parent=239"}],"curies":[{"name":"wp","href":"https:\/\/api.w.org\/{rel}","templated":true}]}}